{"id":319,"date":"2015-12-16T09:12:16","date_gmt":"2015-12-16T09:12:16","guid":{"rendered":"http:\/\/beta.oswbz.org\/?page_id=319"},"modified":"2019-08-08T10:22:36","modified_gmt":"2019-08-08T10:22:36","slug":"jak-zostac-czlonkiem","status":"publish","type":"page","link":"http:\/\/oswbz.org\/en\/jak-zostac-czlonkiem\/","title":{"rendered":"How to become a member?"},"content":{"rendered":"<p>Packages Benefits <br \/>\nfor Supporting Members<\/th><th class=\"column-2\">Silver Package<\/th><th class=\"column-3\">Package Gold<\/th><th class=\"column-4\">Platinum Package<\/th>\n<\/tr>\n<\/thead>\n<tbody class=\"row-hover\">\n<tr class=\"row-2\">\n\t<td class=\"column-1\">Catalogue \"Members\"<\/td><td class=\"column-2\"><h5 style=\"color:#00aaad;  text-align: center !important;\">YES<\/h5><\/td><td class=\"column-3\"><h5 style=\"color:#00aaad;  text-align: center !important;\">YES<\/h5><\/td><td class=\"column-4\"><h5 style=\"color:#00aaad;  text-align: center !important;\">YES<\/h5><\/td>\n<\/tr>\n<tr class=\"row-3\">\n\t<td class=\"column-1\">Calendar of events<\/td><td class=\"column-2\"><h5 style=\"color:#00aaad;  text-align: center !important;\">YES<\/h5><\/td><td class=\"column-3\"><h5 style=\"color:#00aaad;  text-align: center !important;\">YES<\/h5><\/td><td class=\"column-4\"><h5 style=\"color:#00aaad;  text-align: center !important;\">YES<\/h5><\/td>\n<\/tr>\n<tr class=\"row-4\">\n\t<td class=\"column-1\">Possibility of placing the \"OSWBZ\" logo <br \/>\nin their marketing materials<\/td><td class=\"column-2\"><h5 style=\"color:#00aaad;  text-align: center !important;\">YES<\/h5><\/td><td class=\"column-3\"><h5 style=\"color:#00aaad;  text-align: center !important;\">YES<\/h5><\/td><td class=\"column-4\"><h5 style=\"color:#00aaad;  text-align: center !important;\">YES<\/h5><\/td>\n<\/tr>\n<tr class=\"row-5\">\n\t<td class=\"column-1\">Legal advice on the following issues <br \/>\nrelated to the activities of <br \/>\nAssociations<\/td><td class=\"column-2\"><\/td><td class=\"column-3\"><h5 style=\"color:#00aaad;  text-align: center !important;\">TAK<\/h5><\/td><td class=\"column-4\"><h5 style=\"color:#00aaad;  text-align: center !important;\">YES<\/h5><\/td>\n<\/tr>\n<tr class=\"row-6\">\n\t<td class=\"column-1\">Project opinion in terms of evaluation <br \/>\nin the selected Leed or Breeam system<\/td><td class=\"column-2\"><\/td><td class=\"column-3\"><\/td><td class=\"column-4\"><h5 style=\"color:#00aaad;  text-align: center !important;\">YES<\/h5><\/td>\n<\/tr>\n<tr class=\"row-7\">\n\t<td class=\"column-1\">Basic contribution<\/td><td class=\"column-2\"><h5 style=\"color:#00aaad;  text-align: center !important;\">1 000 z\u0142<\/h5><\/td><td class=\"column-3\"><h5 style=\"color:#00aaad;  text-align: center !important;\">1 000 z\u0142<\/h5><\/td><td class=\"column-4\"><h5 style=\"color:#00aaad;  text-align: center !important;\">1 000 z\u0142<\/h5><\/td>\n<\/tr>\n<tr class=\"row-8\">\n\t<td class=\"column-1\">Marketing fee<\/td><td class=\"column-2\"><h5 style=\"color:#00aaad;  text-align: center !important;\">1 000 z\u0142<\/h5><\/td><td class=\"column-3\"><h5 style=\"color:#00aaad;  text-align: center !important;\">1 000 z\u0142<\/h5><\/td><td class=\"column-4\"><h5 style=\"color:#00aaad;  text-align: center !important;\">1 000 z\u0142<\/h5><\/td>\n<\/tr>\n<tr class=\"row-9\">\n\t<td class=\"column-1\">Benefit package<\/td><td class=\"column-2\"><h5 style=\"color:#00aaad;  text-align: center !important;\">0 z\u0142<\/h5>  <p style=\"text-align: center !important;\">szacowana rynkowa warto\u015b\u0107 pakietu to ok. 3000 z\u0142<\/p><\/td><td class=\"column-3\"><h5 style=\"color:#00aaad;  text-align: center !important;\">3 000 z\u0142<\/h5> <p style=\"text-align: center !important;\">szacowana rynkowa warto\u015b\u0107 pakietu to ok. 7000 z\u0142<\/p><\/td><td class=\"column-4\"><h5 style=\"color:#00aaad;  text-align: center !important;\">13 000 z\u0142<\/h5> <p style=\"text-align: center !important;\">szacowana rynkowa warto\u015b\u0107 pakietu to ok. 20000 z\u0142<\/p><\/td>\n<\/tr>\n<\/tbody>\n<tfoot>\n<tr class=\"row-10\">\n\t<th class=\"column-1\">Total<\/th><th class=\"column-2\">2 000 pln<\/th><th class=\"column-3\">5 000 pln<\/th><th class=\"column-4\">15 000 pln<\/th>\n<\/tr>\n<\/tfoot>\n<\/table>\n<!-- #tablepress-5 from cache --><\/p>\n<p style=\"text-align: center;\"><em> <strong> National Sustainable Building Support Association we create <span style=\"text-decoration: underline;\"> together <\/span>. Each member has an impact on shaping the future of OSWBZ and thus the sustainable construction market in Poland. <\/strong> <\/em><\/p>\n<hr>\n<h4 style=\"text-align: left;\"><span style=\"color: #33cccc;\"> <strong> These are just a few simple steps! <\/strong> <\/span><\/h4>\n<ol>\n<li>Fill out the application for admission to the Association (after completing we will contact you!)<\/li>\n<li>Before signing the documents, we would like to talk about your and your company&#8217;s expectations<\/li>\n<li>Sign the documents we send (agreement with attachments)<\/li>\n<li>Pay the premium based on the invoice<\/li>\n<li>OSWBZ adopts a resolution regarding the admission of a new member<\/li>\n<li>We put the company name and logo in the category of member companies<\/li>\n<li>From now <span style=\"text-decoration: underline;\"> together <\/span> we create the future of sustainable construction in Poland!<\/li>\n<\/ol>\n<hr>\n<h4 style=\"text-align: left;\"><span style=\"color: #33cccc;\"><strong> <span style=\"color: # 15b8c4;\"> Necessary documents: <\/span> <\/strong><\/span><\/h4>\n<p><a class=\"mb-button mb-style-raised mb-size-small mb-corners-default mb-text-style-default \" style=\"background-color: #42cf4b;\" href=\"http:\/\/oswbz.org\/wp-content\/uploads\/2017\/11\/Statut-OSWBZ_04_07_2017.pdf\" target=\"_blank\">&nbsp;<i class=\"fa fa-file-pdf-o\"><\/i>&nbsp; Statut OSWBZ<\/a><\/p>\n<p><a class=\"mb-button mb-style-raised mb-size-small mb-corners-default mb-text-style-default \" style=\"background-color: #42cf4b;\" href=\"http:\/\/beta.oswbz.org\/wp-content\/uploads\/2015\/12\/Wniosek-o-przyjecie.pdf\" target=\"_blank\">&nbsp;<i class=\"fa fa-file-pdf-o\"><\/i>&nbsp; Wniosek o przyj\u0119cie<\/a><\/p>\n<p><a class=\"mb-button mb-style-raised mb-size-small mb-corners-default mb-text-style-default \" style=\"background-color: #42cf4b;\" href=\"http:\/\/beta.oswbz.org\/wp-content\/uploads\/2015\/12\/Pakiety-korzysci.pdf\" target=\"_blank\">&nbsp;<i class=\"fa fa-file-pdf-o\"><\/i>&nbsp; Pakiety korzy\u015bci<\/a><\/p>\n<hr>\n<h4 style=\"text-align: left;\"><strong> <span style=\"color: # 15b8c4;\"> If you have questions, please contact: <\/span> <\/strong><\/h4>\n<p>E <strong> -mail: <\/strong> kontakt@oswbz.org<br \/>\n<strong> Correspondence address: <\/strong> ul. \u0141ucka 18\/114, 00-845 Warsaw<\/p>\n<hr>\n<h4 style=\"text-align: center;\"><strong> <span style=\"color: # 15b8c4;\"> Types of benefit packages <\/span> <\/strong><\/h4>\n<p>\n<table id=\"tablepress-5-no-2\" class=\"tablepress tablepress-id-5\">\n<thead>\n<tr class=\"row-1\">\n\t<th class=\"column-1\">Packages Benefits <br \/>\nfor Supporting Members<\/th><th class=\"column-2\">Silver Package<\/th><th class=\"column-3\">Package Gold<\/th><th class=\"column-4\">Platinum Package<\/th>\n<\/tr>\n<\/thead>\n<tbody class=\"row-hover\">\n<tr class=\"row-2\">\n\t<td class=\"column-1\">Catalogue \"Members\"<\/td><td class=\"column-2\"><h5 style=\"color:#00aaad;  text-align: center !important;\">YES<\/h5><\/td><td class=\"column-3\"><h5 style=\"color:#00aaad;  text-align: center !important;\">YES<\/h5><\/td><td class=\"column-4\"><h5 style=\"color:#00aaad;  text-align: center !important;\">YES<\/h5><\/td>\n<\/tr>\n<tr class=\"row-3\">\n\t<td class=\"column-1\">Calendar of events<\/td><td class=\"column-2\"><h5 style=\"color:#00aaad;  text-align: center !important;\">YES<\/h5><\/td><td class=\"column-3\"><h5 style=\"color:#00aaad;  text-align: center !important;\">YES<\/h5><\/td><td class=\"column-4\"><h5 style=\"color:#00aaad;  text-align: center !important;\">YES<\/h5><\/td>\n<\/tr>\n<tr class=\"row-4\">\n\t<td class=\"column-1\">Possibility of placing the \"OSWBZ\" logo <br \/>\nin their marketing materials<\/td><td class=\"column-2\"><h5 style=\"color:#00aaad;  text-align: center !important;\">YES<\/h5><\/td><td class=\"column-3\"><h5 style=\"color:#00aaad;  text-align: center !important;\">YES<\/h5><\/td><td class=\"column-4\"><h5 style=\"color:#00aaad;  text-align: center !important;\">YES<\/h5><\/td>\n<\/tr>\n<tr class=\"row-5\">\n\t<td class=\"column-1\">Legal advice on the following issues <br \/>\nrelated to the activities of <br \/>\nAssociations<\/td><td class=\"column-2\"><\/td><td class=\"column-3\"><h5 style=\"color:#00aaad;  text-align: center !important;\">TAK<\/h5><\/td><td class=\"column-4\"><h5 style=\"color:#00aaad;  text-align: center !important;\">YES<\/h5><\/td>\n<\/tr>\n<tr class=\"row-6\">\n\t<td class=\"column-1\">Project opinion in terms of evaluation <br \/>\nin the selected Leed or Breeam system<\/td><td class=\"column-2\"><\/td><td class=\"column-3\"><\/td><td class=\"column-4\"><h5 style=\"color:#00aaad;  text-align: center !important;\">YES<\/h5><\/td>\n<\/tr>\n<tr class=\"row-7\">\n\t<td class=\"column-1\">Basic contribution<\/td><td class=\"column-2\"><h5 style=\"color:#00aaad;  text-align: center !important;\">1 000 z\u0142<\/h5><\/td><td class=\"column-3\"><h5 style=\"color:#00aaad;  text-align: center !important;\">1 000 z\u0142<\/h5><\/td><td class=\"column-4\"><h5 style=\"color:#00aaad;  text-align: center !important;\">1 000 z\u0142<\/h5><\/td>\n<\/tr>\n<tr class=\"row-8\">\n\t<td class=\"column-1\">Marketing fee<\/td><td class=\"column-2\"><h5 style=\"color:#00aaad;  text-align: center !important;\">1 000 z\u0142<\/h5><\/td><td class=\"column-3\"><h5 style=\"color:#00aaad;  text-align: center !important;\">1 000 z\u0142<\/h5><\/td><td class=\"column-4\"><h5 style=\"color:#00aaad;  text-align: center !important;\">1 000 z\u0142<\/h5><\/td>\n<\/tr>\n<tr class=\"row-9\">\n\t<td class=\"column-1\">Benefit package<\/td><td class=\"column-2\"><h5 style=\"color:#00aaad;  text-align: center !important;\">0 z\u0142<\/h5>  <p style=\"text-align: center !important;\">szacowana rynkowa warto\u015b\u0107 pakietu to ok. 3000 z\u0142<\/p><\/td><td class=\"column-3\"><h5 style=\"color:#00aaad;  text-align: center !important;\">3 000 z\u0142<\/h5> <p style=\"text-align: center !important;\">szacowana rynkowa warto\u015b\u0107 pakietu to ok. 7000 z\u0142<\/p><\/td><td class=\"column-4\"><h5 style=\"color:#00aaad;  text-align: center !important;\">13 000 z\u0142<\/h5> <p style=\"text-align: center !important;\">szacowana rynkowa warto\u015b\u0107 pakietu to ok. 20000 z\u0142<\/p><\/td>\n<\/tr>\n<\/tbody>\n<tfoot>\n<tr class=\"row-10\">\n\t<th class=\"column-1\">Total<\/th><th class=\"column-2\">2 000 pln<\/th><th class=\"column-3\">5 000 pln<\/th><th class=\"column-4\">15 000 pln<\/th>\n<\/tr>\n<\/tfoot>\n<\/table>\n<!-- #tablepress-5-no-2 from cache --><\/p>","protected":false},"excerpt":{"rendered":"<p>National Sustainable Building Support Association we create together . Each member has an impact on shaping the future of OSWBZ and thus the sustainable construction market in Poland. These are just a few simple steps! Fill out the application for admission to the Association (after completing we will contact you!) Before signing the documents, we [&hellip;]<\/p>\n","protected":false},"author":1,"featured_media":0,"parent":0,"menu_order":0,"comment_status":"closed","ping_status":"closed","template":"","meta":{"ngg_post_thumbnail":0},"_links":{"self":[{"href":"http:\/\/oswbz.org\/en\/wp-json\/wp\/v2\/pages\/319"}],"collection":[{"href":"http:\/\/oswbz.org\/en\/wp-json\/wp\/v2\/pages"}],"about":[{"href":"http:\/\/oswbz.org\/en\/wp-json\/wp\/v2\/types\/page"}],"author":[{"embeddable":true,"href":"http:\/\/oswbz.org\/en\/wp-json\/wp\/v2\/users\/1"}],"replies":[{"embeddable":true,"href":"http:\/\/oswbz.org\/en\/wp-json\/wp\/v2\/comments?post=319"}],"version-history":[{"count":49,"href":"http:\/\/oswbz.org\/en\/wp-json\/wp\/v2\/pages\/319\/revisions"}],"predecessor-version":[{"id":2043,"href":"http:\/\/oswbz.org\/en\/wp-json\/wp\/v2\/pages\/319\/revisions\/2043"}],"wp:attachment":[{"href":"http:\/\/oswbz.org\/en\/wp-json\/wp\/v2\/media?parent=319"}],"curies":[{"name":"wp","href":"https:\/\/api.w.org\/{rel}","templated":true}]}}