{"id":1502,"date":"2017-08-21T10:20:23","date_gmt":"2017-08-21T10:20:23","guid":{"rendered":"http:\/\/oswbz.org\/?page_id=1502"},"modified":"2019-08-06T14:12:49","modified_gmt":"2019-08-06T14:12:49","slug":"szkolenia-zrealizowane","status":"publish","type":"page","link":"http:\/\/oswbz.org\/en\/szkolenia-zrealizowane\/","title":{"rendered":"Trainings completed"},"content":{"rendered":"<div id=\"pl-1502\"  class=\"panel-layout\" ><div id=\"pg-1502-0\"  class=\"panel-grid panel-no-style\" ><div id=\"pgc-1502-0-0\"  class=\"panel-grid-cell\" ><div id=\"panel-1502-0-0-0\" class=\"so-panel widget widget_sow-editor panel-first-child panel-last-child\" data-index=\"0\" ><div class=\"so-widget-sow-editor so-widget-sow-editor-base\">\n<div class=\"siteorigin-widget-tinymce textwidget\">\n\t<hr \/>\n<h4 style=\"text-align: center;\"><strong>Organizacja szkole\u0144\u00a0to jedna z g\u0142\u00f3wnych dzia\u0142alno\u015bci Stowarzyszenia OSWBZ.<br \/> Wierzymy, \u017ce\u00a0edukacja jest kluczowym elementem w procesie wprowadzania zmian na lepsze.<\/strong><\/h4>\n<hr \/>\n<p>\u00a0<\/p>\n<\/div>\n<\/div><\/div><\/div><\/div><div id=\"pg-1502-1\"  class=\"panel-grid panel-no-style\" ><div id=\"pgc-1502-1-0\"  class=\"panel-grid-cell\" >\r\n    <div id=\"panel-1502-1-0-0\" class=\"so-panel widget widget_maskitto_projects panel-first-child panel-last-child\" data-index=\"1\" >                <div class=\"page-section\" style=\"padding: 0;\">\r\n\r\n        \r\n            <div role=\"tabpanel\" class=\"portfolio-white-space\">\r\n                <div class=\"tab-content\">\r\n                    <div role=\"tabpanel\" class=\"tab-pane fade in active\" id=\"all38102\">\r\n                        <div class=\"row portfolio-list\">\r\n                                                    <\/div>\r\n                    <\/div>\r\n\r\n                                    <\/div>\r\n            <\/div>\r\n\r\n        <\/div>\r\n    <\/div>    <\/div><\/div><div id=\"pg-1502-2\"  class=\"panel-grid panel-no-style\" ><div id=\"pgc-1502-2-0\"  class=\"panel-grid-cell\" ><div id=\"panel-1502-2-0-0\" class=\"so-panel widget widget_sow-editor panel-first-child panel-last-child\" data-index=\"2\" ><div class=\"so-widget-sow-editor so-widget-sow-editor-base\">\n<div class=\"siteorigin-widget-tinymce textwidget\">\n\t<\/div>\n<\/div><\/div><\/div><\/div><\/div>","protected":false},"excerpt":{"rendered":"<p>Organizacja szkole\u0144\u00a0to jedna z g\u0142\u00f3wnych dzia\u0142alno\u015bci Stowarzyszenia OSWBZ. Wierzymy, \u017ce\u00a0edukacja jest kluczowym elementem w procesie wprowadzania zmian na lepsze.\u00a0<\/p>\n","protected":false},"author":1,"featured_media":0,"parent":0,"menu_order":0,"comment_status":"closed","ping_status":"closed","template":"","meta":{"ngg_post_thumbnail":0},"_links":{"self":[{"href":"http:\/\/oswbz.org\/en\/wp-json\/wp\/v2\/pages\/1502"}],"collection":[{"href":"http:\/\/oswbz.org\/en\/wp-json\/wp\/v2\/pages"}],"about":[{"href":"http:\/\/oswbz.org\/en\/wp-json\/wp\/v2\/types\/page"}],"author":[{"embeddable":true,"href":"http:\/\/oswbz.org\/en\/wp-json\/wp\/v2\/users\/1"}],"replies":[{"embeddable":true,"href":"http:\/\/oswbz.org\/en\/wp-json\/wp\/v2\/comments?post=1502"}],"version-history":[{"count":17,"href":"http:\/\/oswbz.org\/en\/wp-json\/wp\/v2\/pages\/1502\/revisions"}],"predecessor-version":[{"id":1965,"href":"http:\/\/oswbz.org\/en\/wp-json\/wp\/v2\/pages\/1502\/revisions\/1965"}],"wp:attachment":[{"href":"http:\/\/oswbz.org\/en\/wp-json\/wp\/v2\/media?parent=1502"}],"curies":[{"name":"wp","href":"https:\/\/api.w.org\/{rel}","templated":true}]}}